{"id":683,"date":"2018-12-10T18:16:18","date_gmt":"2018-12-10T17:16:18","guid":{"rendered":"http:\/\/newweb.hotel-dubrovnik.hr\/?page_id=683"},"modified":"2025-11-10T17:08:44","modified_gmt":"2025-11-10T16:08:44","slug":"deluxe-king-size-room-complete-hotel-room-guide-info","status":"publish","type":"page","link":"https:\/\/www.hotel-dubrovnik.hr\/hr\/rooms-and-suites\/deluxe-king-size-room-complete-hotel-room-guide-info\/","title":{"rendered":"Deluxe bra\u010dna soba"},"content":{"rendered":"\n\t\t<style type=\"text\/css\">\n\t\t\t#gallery-1 {\n\t\t\t\tmargin: auto;\n\t\t\t}\n\t\t\t#gallery-1 .gallery-item {\n\t\t\t\tfloat: left;\n\t\t\t\tmargin-top: 10px;\n\t\t\t\ttext-align: center;\n\t\t\t\twidth: 33%;\n\t\t\t}\n\t\t\t#gallery-1 img {\n\t\t\t\tborder: 2px solid #cfcfcf;\n\t\t\t}\n\t\t\t#gallery-1 .gallery-caption {\n\t\t\t\tmargin-left: 0;\n\t\t\t}\n\t\t\t\/* see gallery_shortcode() in wp-includes\/media.php *\/\n\t\t<\/style>\n\t\t<div id='gallery-1' class='gallery galleryid-683 gallery-columns-3 gallery-size-thumbnail'><dl class='gallery-item'>\n\t\t\t<dt class='gallery-icon landscape'>\n\t\t\t\t<a href='https:\/\/www.hotel-dubrovnik.hr\/hr\/rooms-and-suites\/deluxe-king-size-room-complete-hotel-room-guide-info\/attachment\/hotel-dubrovnik-zagreb-deluxe-king-square3-min\/'><img decoding=\"async\" width=\"150\" height=\"150\" src=\"https:\/\/www.hotel-dubrovnik.hr\/wp-content\/uploads\/2018\/12\/Hotel-Dubrovnik-Zagreb-deluxe-king-square3-min-150x150.jpg\" class=\"attachment-thumbnail size-thumbnail\" alt=\"\" \/><\/a>\n\t\t\t<\/dt><\/dl><dl class='gallery-item'>\n\t\t\t<dt class='gallery-icon landscape'>\n\t\t\t\t<a href='https:\/\/www.hotel-dubrovnik.hr\/hr\/rooms-and-suites\/deluxe-king-size-room-complete-hotel-room-guide-info\/attachment\/hotel-dubrovnik-zagreb-deluxe-king-square-bathroom-min\/'><img decoding=\"async\" width=\"150\" height=\"150\" src=\"https:\/\/www.hotel-dubrovnik.hr\/wp-content\/uploads\/2018\/12\/Hotel-Dubrovnik-Zagreb-deluxe-king-square-bathroom-min-150x150.jpg\" class=\"attachment-thumbnail size-thumbnail\" alt=\"\" \/><\/a>\n\t\t\t<\/dt><\/dl><dl class='gallery-item'>\n\t\t\t<dt class='gallery-icon landscape'>\n\t\t\t\t<a href='https:\/\/www.hotel-dubrovnik.hr\/hr\/rooms-and-suites\/deluxe-king-size-room-complete-hotel-room-guide-info\/attachment\/hotel-dubrovnik-zagreb-deluxe-king-min\/'><img decoding=\"async\" width=\"150\" height=\"150\" src=\"https:\/\/www.hotel-dubrovnik.hr\/wp-content\/uploads\/2018\/12\/Hotel-Dubrovnik-Zagreb-deluxe-king-min-150x150.jpg\" class=\"attachment-thumbnail size-thumbnail\" alt=\"\" \/><\/a>\n\t\t\t<\/dt><\/dl><br style=\"clear: both\" \/><dl class='gallery-item'>\n\t\t\t<dt class='gallery-icon landscape'>\n\t\t\t\t<a href='https:\/\/www.hotel-dubrovnik.hr\/hr\/rooms-and-suites\/deluxe-king-size-room-complete-hotel-room-guide-info\/attachment\/hotel-dubrovnik-zagreb-deluxe-king-square2-min\/'><img decoding=\"async\" width=\"150\" height=\"150\" src=\"https:\/\/www.hotel-dubrovnik.hr\/wp-content\/uploads\/2018\/12\/Hotel-Dubrovnik-Zagreb-deluxe-king-square2-min-150x150.jpg\" class=\"attachment-thumbnail size-thumbnail\" alt=\"\" \/><\/a>\n\t\t\t<\/dt><\/dl><dl class='gallery-item'>\n\t\t\t<dt class='gallery-icon landscape'>\n\t\t\t\t<a href='https:\/\/www.hotel-dubrovnik.hr\/hr\/rooms-and-suites\/deluxe-king-size-room-complete-hotel-room-guide-info\/attachment\/hotel-dubrovnik-zagreb-deluxe-king-square4-min\/'><img decoding=\"async\" width=\"150\" height=\"150\" src=\"https:\/\/www.hotel-dubrovnik.hr\/wp-content\/uploads\/2018\/12\/Hotel-Dubrovnik-Zagreb-deluxe-king-square4-min-150x150.jpg\" class=\"attachment-thumbnail size-thumbnail\" alt=\"\" \/><\/a>\n\t\t\t<\/dt><\/dl><dl class='gallery-item'>\n\t\t\t<dt class='gallery-icon landscape'>\n\t\t\t\t<a href='https:\/\/www.hotel-dubrovnik.hr\/hr\/rooms-and-suites\/deluxe-king-size-room-complete-hotel-room-guide-info\/attachment\/hotel-dubrovnik-zagreb-deluxe-king-square-min\/'><img decoding=\"async\" width=\"150\" height=\"150\" src=\"https:\/\/www.hotel-dubrovnik.hr\/wp-content\/uploads\/2018\/12\/Hotel-Dubrovnik-Zagreb-deluxe-king-square-min-150x150.jpg\" class=\"attachment-thumbnail size-thumbnail\" alt=\"\" \/><\/a>\n\t\t\t<\/dt><\/dl><br style=\"clear: both\" \/>\n\t\t<\/div>\n\n<div class=\"wp-content\"><\/div>\n<div class=\"section-faq\">\n<p class=\"sc-p\">\n<\/div>\n<div style=\"position: absolute!important; top: 0!important; left: 0!important; width: 0!important; height: 0!important; display: block!important;\" data-transferchain-root=\"\"><\/div>\n","protected":false},"excerpt":{"rendered":"<p>Potpuno nove, deluxe king size sobe idealne su za sve goste koji iznad svega cijene komfor i estetiku.<\/p>\n","protected":false},"author":1,"featured_media":693,"parent":80,"menu_order":4,"comment_status":"closed","ping_status":"closed","template":"page_room.php","meta":{"footnotes":""},"class_list":["post-683","page","type-page","status-publish","has-post-thumbnail","hentry"],"translation":{"provider":"WPGlobus","version":"3.0.0","language":"hr","enabled_languages":["en","hr"],"languages":{"en":{"title":true,"content":true,"excerpt":true},"hr":{"title":true,"content":true,"excerpt":true}}},"yoast_head":"<!-- This site is optimized with the Yoast SEO plugin v26.3 - https:\/\/yoast.com\/wordpress\/plugins\/seo\/ -->\n<title>Deluxe soba s bra\u010dnim krevetom: Kompletan vodi\u010d i informacije<\/title>\n<meta name=\"description\" content=\"Deluxe soba s bra\u010dnim krevetom idealna za goste koji cijene komfor, estetiku i lokaciju u centru Zagreba. Savr\u0161en luksuzan smje\u0161taj.\" \/>\n<meta name=\"robots\" content=\"index, follow, max-snippet:-1, max-image-preview:large, max-video-preview:-1\" \/>\n<link rel=\"canonical\" href=\"https:\/\/www.hotel-dubrovnik.hr\/rooms-and-suites\/deluxe-king-size-room-complete-hotel-room-guide-info\/\" \/>\n<meta property=\"og:locale\" content=\"hr_HR\" \/>\n<meta property=\"og:type\" content=\"article\" \/>\n<meta property=\"og:title\" content=\"Deluxe soba s bra\u010dnim krevetom: Kompletan vodi\u010d i informacije\" \/>\n<meta property=\"og:description\" content=\"Deluxe soba s bra\u010dnim krevetom idealna za goste koji cijene komfor, estetiku i lokaciju u centru Zagreba. Savr\u0161en luksuzan smje\u0161taj.\" \/>\n<meta property=\"og:url\" content=\"https:\/\/www.hotel-dubrovnik.hr\/rooms-and-suites\/deluxe-king-size-room-complete-hotel-room-guide-info\/\" \/>\n<meta property=\"og:site_name\" content=\"Hotel Dubrovnik in Zagreb\" \/>\n<meta property=\"article:publisher\" content=\"https:\/\/www.facebook.com\/hoteldubrovnikhr\/\" \/>\n<meta property=\"article:modified_time\" content=\"2025-11-10T16:08:44+00:00\" \/>\n<meta property=\"og:image\" content=\"https:\/\/www.hotel-dubrovnik.hr\/wp-content\/uploads\/2018\/12\/Hotel-Dubrovnik-Zagreb-deluxe-king-square-min.jpg\" \/>\n\t<meta property=\"og:image:width\" content=\"1920\" \/>\n\t<meta property=\"og:image:height\" content=\"1280\" \/>\n\t<meta property=\"og:image:type\" content=\"image\/jpeg\" \/>\n<meta name=\"twitter:card\" content=\"summary_large_image\" \/>\n<meta name=\"twitter:site\" content=\"@hotelDUBROVNIK\" \/>\n<meta name=\"twitter:label1\" content=\"Est. reading time\" \/>\n\t<meta name=\"twitter:data1\" content=\"6 minutes\" \/>\n<script type=\"application\/ld+json\" class=\"yoast-schema-graph\">{\"@context\":\"https:\/\/schema.org\",\"@graph\":[{\"@type\":\"WebPage\",\"@id\":\"https:\/\/www.hotel-dubrovnik.hr\/rooms-and-suites\/deluxe-king-size-room-complete-hotel-room-guide-info\/\",\"url\":\"https:\/\/www.hotel-dubrovnik.hr\/rooms-and-suites\/deluxe-king-size-room-complete-hotel-room-guide-info\/\",\"name\":\"Deluxe soba s bra\u010dnim krevetom: Kompletan vodi\u010d i informacije\",\"isPartOf\":{\"@id\":\"https:\/\/www.hotel-dubrovnik.hr\/#website\"},\"primaryImageOfPage\":{\"@id\":\"https:\/\/www.hotel-dubrovnik.hr\/rooms-and-suites\/deluxe-king-size-room-complete-hotel-room-guide-info\/#primaryimage\"},\"image\":{\"@id\":\"https:\/\/www.hotel-dubrovnik.hr\/rooms-and-suites\/deluxe-king-size-room-complete-hotel-room-guide-info\/#primaryimage\"},\"thumbnailUrl\":\"https:\/\/www.hotel-dubrovnik.hr\/wp-content\/uploads\/2018\/12\/Hotel-Dubrovnik-Zagreb-deluxe-king-square-min.jpg\",\"datePublished\":\"2018-12-10T17:16:18+00:00\",\"dateModified\":\"2025-11-10T16:08:44+00:00\",\"description\":\"Deluxe soba s bra\u010dnim krevetom idealna za goste koji cijene komfor, estetiku i lokaciju u centru Zagreba. Savr\u0161en luksuzan smje\u0161taj.\",\"breadcrumb\":{\"@id\":\"https:\/\/www.hotel-dubrovnik.hr\/rooms-and-suites\/deluxe-king-size-room-complete-hotel-room-guide-info\/#breadcrumb\"},\"inLanguage\":\"hr-HR\",\"potentialAction\":[{\"@type\":\"ReadAction\",\"target\":[\"https:\/\/www.hotel-dubrovnik.hr\/rooms-and-suites\/deluxe-king-size-room-complete-hotel-room-guide-info\/\"]}]},{\"@type\":\"ImageObject\",\"inLanguage\":\"hr-HR\",\"@id\":\"https:\/\/www.hotel-dubrovnik.hr\/rooms-and-suites\/deluxe-king-size-room-complete-hotel-room-guide-info\/#primaryimage\",\"url\":\"https:\/\/www.hotel-dubrovnik.hr\/wp-content\/uploads\/2018\/12\/Hotel-Dubrovnik-Zagreb-deluxe-king-square-min.jpg\",\"contentUrl\":\"https:\/\/www.hotel-dubrovnik.hr\/wp-content\/uploads\/2018\/12\/Hotel-Dubrovnik-Zagreb-deluxe-king-square-min.jpg\",\"width\":1920,\"height\":1280},{\"@type\":\"BreadcrumbList\",\"@id\":\"https:\/\/www.hotel-dubrovnik.hr\/rooms-and-suites\/deluxe-king-size-room-complete-hotel-room-guide-info\/#breadcrumb\",\"itemListElement\":[{\"@type\":\"ListItem\",\"position\":1,\"name\":\"Home\",\"item\":\"https:\/\/www.hotel-dubrovnik.hr\/\"},{\"@type\":\"ListItem\",\"position\":2,\"name\":\"Sobe i apartmani\",\"item\":\"https:\/\/www.hotel-dubrovnik.hr\/rooms-and-suites\/\"},{\"@type\":\"ListItem\",\"position\":3,\"name\":\"Deluxe King size room\"}]},{\"@type\":\"WebSite\",\"@id\":\"https:\/\/www.hotel-dubrovnik.hr\/#website\",\"url\":\"https:\/\/www.hotel-dubrovnik.hr\/\",\"name\":\"Hotel Dubrovnik\",\"description\":\"Hotel u srcu Zagreba\",\"potentialAction\":[{\"@type\":\"SearchAction\",\"target\":{\"@type\":\"EntryPoint\",\"urlTemplate\":\"https:\/\/www.hotel-dubrovnik.hr\/?s={search_term_string}\"},\"query-input\":{\"@type\":\"PropertyValueSpecification\",\"valueRequired\":true,\"valueName\":\"search_term_string\"}}],\"inLanguage\":\"hr-HR\"}]}<\/script>\n<!-- \/ Yoast SEO plugin. -->","yoast_head_json":{"title":"Deluxe soba s bra\u010dnim krevetom: Kompletan vodi\u010d i informacije","description":"Deluxe soba s bra\u010dnim krevetom idealna za goste koji cijene komfor, estetiku i lokaciju u centru Zagreba. Savr\u0161en luksuzan smje\u0161taj.","robots":{"index":"index","follow":"follow","max-snippet":"max-snippet:-1","max-image-preview":"max-image-preview:large","max-video-preview":"max-video-preview:-1"},"canonical":"https:\/\/www.hotel-dubrovnik.hr\/rooms-and-suites\/deluxe-king-size-room-complete-hotel-room-guide-info\/","og_locale":"hr_HR","og_type":"article","og_title":"Deluxe soba s bra\u010dnim krevetom: Kompletan vodi\u010d i informacije","og_description":"Deluxe soba s bra\u010dnim krevetom idealna za goste koji cijene komfor, estetiku i lokaciju u centru Zagreba. Savr\u0161en luksuzan smje\u0161taj.","og_url":"https:\/\/www.hotel-dubrovnik.hr\/rooms-and-suites\/deluxe-king-size-room-complete-hotel-room-guide-info\/","og_site_name":"Hotel Dubrovnik in Zagreb","article_publisher":"https:\/\/www.facebook.com\/hoteldubrovnikhr\/","article_modified_time":"2025-11-10T16:08:44+00:00","og_image":[{"width":1920,"height":1280,"url":"https:\/\/www.hotel-dubrovnik.hr\/wp-content\/uploads\/2018\/12\/Hotel-Dubrovnik-Zagreb-deluxe-king-square-min.jpg","type":"image\/jpeg"}],"twitter_card":"summary_large_image","twitter_site":"@hotelDUBROVNIK","twitter_misc":{"Est. reading time":"6 minutes"},"schema":{"@context":"https:\/\/schema.org","@graph":[{"@type":"WebPage","@id":"https:\/\/www.hotel-dubrovnik.hr\/rooms-and-suites\/deluxe-king-size-room-complete-hotel-room-guide-info\/","url":"https:\/\/www.hotel-dubrovnik.hr\/rooms-and-suites\/deluxe-king-size-room-complete-hotel-room-guide-info\/","name":"Deluxe soba s bra\u010dnim krevetom: Kompletan vodi\u010d i informacije","isPartOf":{"@id":"https:\/\/www.hotel-dubrovnik.hr\/#website"},"primaryImageOfPage":{"@id":"https:\/\/www.hotel-dubrovnik.hr\/rooms-and-suites\/deluxe-king-size-room-complete-hotel-room-guide-info\/#primaryimage"},"image":{"@id":"https:\/\/www.hotel-dubrovnik.hr\/rooms-and-suites\/deluxe-king-size-room-complete-hotel-room-guide-info\/#primaryimage"},"thumbnailUrl":"https:\/\/www.hotel-dubrovnik.hr\/wp-content\/uploads\/2018\/12\/Hotel-Dubrovnik-Zagreb-deluxe-king-square-min.jpg","datePublished":"2018-12-10T17:16:18+00:00","dateModified":"2025-11-10T16:08:44+00:00","description":"Deluxe soba s bra\u010dnim krevetom idealna za goste koji cijene komfor, estetiku i lokaciju u centru Zagreba. Savr\u0161en luksuzan smje\u0161taj.","breadcrumb":{"@id":"https:\/\/www.hotel-dubrovnik.hr\/rooms-and-suites\/deluxe-king-size-room-complete-hotel-room-guide-info\/#breadcrumb"},"inLanguage":"hr-HR","potentialAction":[{"@type":"ReadAction","target":["https:\/\/www.hotel-dubrovnik.hr\/rooms-and-suites\/deluxe-king-size-room-complete-hotel-room-guide-info\/"]}]},{"@type":"ImageObject","inLanguage":"hr-HR","@id":"https:\/\/www.hotel-dubrovnik.hr\/rooms-and-suites\/deluxe-king-size-room-complete-hotel-room-guide-info\/#primaryimage","url":"https:\/\/www.hotel-dubrovnik.hr\/wp-content\/uploads\/2018\/12\/Hotel-Dubrovnik-Zagreb-deluxe-king-square-min.jpg","contentUrl":"https:\/\/www.hotel-dubrovnik.hr\/wp-content\/uploads\/2018\/12\/Hotel-Dubrovnik-Zagreb-deluxe-king-square-min.jpg","width":1920,"height":1280},{"@type":"BreadcrumbList","@id":"https:\/\/www.hotel-dubrovnik.hr\/rooms-and-suites\/deluxe-king-size-room-complete-hotel-room-guide-info\/#breadcrumb","itemListElement":[{"@type":"ListItem","position":1,"name":"Home","item":"https:\/\/www.hotel-dubrovnik.hr\/"},{"@type":"ListItem","position":2,"name":"Sobe i apartmani","item":"https:\/\/www.hotel-dubrovnik.hr\/rooms-and-suites\/"},{"@type":"ListItem","position":3,"name":"Deluxe King size room"}]},{"@type":"WebSite","@id":"https:\/\/www.hotel-dubrovnik.hr\/#website","url":"https:\/\/www.hotel-dubrovnik.hr\/","name":"Hotel Dubrovnik","description":"Hotel u srcu Zagreba","potentialAction":[{"@type":"SearchAction","target":{"@type":"EntryPoint","urlTemplate":"https:\/\/www.hotel-dubrovnik.hr\/?s={search_term_string}"},"query-input":{"@type":"PropertyValueSpecification","valueRequired":true,"valueName":"search_term_string"}}],"inLanguage":"hr-HR"}]}},"_links":{"self":[{"href":"https:\/\/www.hotel-dubrovnik.hr\/hr\/wp-json\/wp\/v2\/pages\/683","targetHints":{"allow":["GET"]}}],"collection":[{"href":"https:\/\/www.hotel-dubrovnik.hr\/hr\/wp-json\/wp\/v2\/pages"}],"about":[{"href":"https:\/\/www.hotel-dubrovnik.hr\/hr\/wp-json\/wp\/v2\/types\/page"}],"author":[{"embeddable":true,"href":"https:\/\/www.hotel-dubrovnik.hr\/hr\/wp-json\/wp\/v2\/users\/1"}],"replies":[{"embeddable":true,"href":"https:\/\/www.hotel-dubrovnik.hr\/hr\/wp-json\/wp\/v2\/comments?post=683"}],"version-history":[{"count":16,"href":"https:\/\/www.hotel-dubrovnik.hr\/hr\/wp-json\/wp\/v2\/pages\/683\/revisions"}],"predecessor-version":[{"id":6150,"href":"https:\/\/www.hotel-dubrovnik.hr\/hr\/wp-json\/wp\/v2\/pages\/683\/revisions\/6150"}],"up":[{"embeddable":true,"href":"https:\/\/www.hotel-dubrovnik.hr\/hr\/wp-json\/wp\/v2\/pages\/80"}],"wp:featuredmedia":[{"embeddable":true,"href":"https:\/\/www.hotel-dubrovnik.hr\/hr\/wp-json\/wp\/v2\/media\/693"}],"wp:attachment":[{"href":"https:\/\/www.hotel-dubrovnik.hr\/hr\/wp-json\/wp\/v2\/media?parent=683"}],"curies":[{"name":"wp","href":"https:\/\/api.w.org\/{rel}","templated":true}]}}