{"id":28,"date":"2018-09-11T15:12:06","date_gmt":"2018-09-11T13:12:06","guid":{"rendered":"http:\/\/local.hotel-dubrovnik.hr\/?page_id=28"},"modified":"2025-11-02T16:04:46","modified_gmt":"2025-11-02T15:04:46","slug":"hotel-overview","status":"publish","type":"page","link":"https:\/\/www.hotel-dubrovnik.hr\/hr\/hotel-overview\/","title":{"rendered":"Hotel overview"},"content":{"rendered":"<p>&nbsp;<\/p>\n<div style=\"position: absolute!important; top: 0!important; left: 0!important; width: 0!important; height: 0!important; display: block!important;\" data-transferchain-root=\"\"><\/div>\n","protected":false},"excerpt":{"rendered":"<p>&nbsp;<\/p>\n","protected":false},"author":1,"featured_media":359,"parent":0,"menu_order":1,"comment_status":"closed","ping_status":"closed","template":"page_hotel_overview.php","meta":{"footnotes":""},"class_list":["post-28","page","type-page","status-publish","has-post-thumbnail","hentry"],"translation":{"provider":"WPGlobus","version":"3.0.0","language":"hr","enabled_languages":["en","hr"],"languages":{"en":{"title":true,"content":true,"excerpt":false},"hr":{"title":true,"content":true,"excerpt":false}}},"yoast_head":"<!-- This site is optimized with the Yoast SEO plugin v26.3 - https:\/\/yoast.com\/wordpress\/plugins\/seo\/ -->\n<title>O Hotelu: Potpuni Hotelski Vodi\u010d i Informacije<\/title>\n<meta name=\"description\" content=\"Otkrijte sve o hotelu: sadr\u017eaji, usluge, lokacija i bitne informacije u na\u0161em potpunom vodi\u010du.\" \/>\n<meta name=\"robots\" content=\"index, follow, max-snippet:-1, max-image-preview:large, max-video-preview:-1\" \/>\n<link rel=\"canonical\" href=\"https:\/\/www.hotel-dubrovnik.hr\/hotel-overview\/\" \/>\n<meta property=\"og:locale\" content=\"hr_HR\" \/>\n<meta property=\"og:type\" content=\"article\" \/>\n<meta property=\"og:title\" content=\"O Hotelu: Potpuni Hotelski Vodi\u010d i Informacije\" \/>\n<meta property=\"og:description\" content=\"Otkrijte sve o hotelu: sadr\u017eaji, usluge, lokacija i bitne informacije u na\u0161em potpunom vodi\u010du.\" \/>\n<meta property=\"og:url\" content=\"https:\/\/www.hotel-dubrovnik.hr\/hotel-overview\/\" \/>\n<meta property=\"og:site_name\" content=\"Hotel Dubrovnik in Zagreb\" \/>\n<meta property=\"article:publisher\" content=\"https:\/\/www.facebook.com\/hoteldubrovnikhr\/\" \/>\n<meta property=\"article:modified_time\" content=\"2025-11-02T15:04:46+00:00\" \/>\n<meta property=\"og:image\" content=\"https:\/\/www.hotel-dubrovnik.hr\/wp-content\/uploads\/2018\/09\/Hotel-Dubrovnik-Zagreb-2-2.jpg\" \/>\n\t<meta property=\"og:image:width\" content=\"1920\" \/>\n\t<meta property=\"og:image:height\" content=\"1280\" \/>\n\t<meta property=\"og:image:type\" content=\"image\/jpeg\" \/>\n<meta name=\"twitter:card\" content=\"summary_large_image\" \/>\n<meta name=\"twitter:site\" content=\"@hotelDUBROVNIK\" \/>\n<meta name=\"twitter:label1\" content=\"Est. reading time\" \/>\n\t<meta name=\"twitter:data1\" content=\"1 minute\" \/>\n<script type=\"application\/ld+json\" class=\"yoast-schema-graph\">{\"@context\":\"https:\/\/schema.org\",\"@graph\":[{\"@type\":\"WebPage\",\"@id\":\"https:\/\/www.hotel-dubrovnik.hr\/hotel-overview\/\",\"url\":\"https:\/\/www.hotel-dubrovnik.hr\/hotel-overview\/\",\"name\":\"O Hotelu: Potpuni Hotelski Vodi\u010d i Informacije\",\"isPartOf\":{\"@id\":\"https:\/\/www.hotel-dubrovnik.hr\/#website\"},\"primaryImageOfPage\":{\"@id\":\"https:\/\/www.hotel-dubrovnik.hr\/hotel-overview\/#primaryimage\"},\"image\":{\"@id\":\"https:\/\/www.hotel-dubrovnik.hr\/hotel-overview\/#primaryimage\"},\"thumbnailUrl\":\"https:\/\/www.hotel-dubrovnik.hr\/wp-content\/uploads\/2018\/09\/Hotel-Dubrovnik-Zagreb-2-2.jpg\",\"datePublished\":\"2018-09-11T13:12:06+00:00\",\"dateModified\":\"2025-11-02T15:04:46+00:00\",\"description\":\"Otkrijte sve o hotelu: sadr\u017eaji, usluge, lokacija i bitne informacije u na\u0161em potpunom vodi\u010du.\",\"breadcrumb\":{\"@id\":\"https:\/\/www.hotel-dubrovnik.hr\/hotel-overview\/#breadcrumb\"},\"inLanguage\":\"hr-HR\",\"potentialAction\":[{\"@type\":\"ReadAction\",\"target\":[\"https:\/\/www.hotel-dubrovnik.hr\/hotel-overview\/\"]}]},{\"@type\":\"ImageObject\",\"inLanguage\":\"hr-HR\",\"@id\":\"https:\/\/www.hotel-dubrovnik.hr\/hotel-overview\/#primaryimage\",\"url\":\"https:\/\/www.hotel-dubrovnik.hr\/wp-content\/uploads\/2018\/09\/Hotel-Dubrovnik-Zagreb-2-2.jpg\",\"contentUrl\":\"https:\/\/www.hotel-dubrovnik.hr\/wp-content\/uploads\/2018\/09\/Hotel-Dubrovnik-Zagreb-2-2.jpg\",\"width\":1920,\"height\":1280},{\"@type\":\"BreadcrumbList\",\"@id\":\"https:\/\/www.hotel-dubrovnik.hr\/hotel-overview\/#breadcrumb\",\"itemListElement\":[{\"@type\":\"ListItem\",\"position\":1,\"name\":\"Home\",\"item\":\"https:\/\/www.hotel-dubrovnik.hr\/\"},{\"@type\":\"ListItem\",\"position\":2,\"name\":\"Hotel overview\"}]},{\"@type\":\"WebSite\",\"@id\":\"https:\/\/www.hotel-dubrovnik.hr\/#website\",\"url\":\"https:\/\/www.hotel-dubrovnik.hr\/\",\"name\":\"Hotel Dubrovnik\",\"description\":\"Hotel u srcu Zagreba\",\"publisher\":{\"@id\":\"https:\/\/www.hotel-dubrovnik.hr\/#organization\"},\"potentialAction\":[{\"@type\":\"SearchAction\",\"target\":{\"@type\":\"EntryPoint\",\"urlTemplate\":\"https:\/\/www.hotel-dubrovnik.hr\/?s={search_term_string}\"},\"query-input\":{\"@type\":\"PropertyValueSpecification\",\"valueRequired\":true,\"valueName\":\"search_term_string\"}}],\"inLanguage\":\"hr-HR\"},{\"@type\":\"Organization\",\"@id\":\"https:\/\/www.hotel-dubrovnik.hr\/#organization\",\"name\":\"Hotel Dubrovnik in Zagreb\",\"url\":\"https:\/\/www.hotel-dubrovnik.hr\/\",\"logo\":{\"@type\":\"ImageObject\",\"inLanguage\":\"hr-HR\",\"@id\":\"https:\/\/www.hotel-dubrovnik.hr\/#\/schema\/logo\/image\/\",\"url\":\"https:\/\/www.hotel-dubrovnik.hr\/wp-content\/uploads\/2026\/04\/Hotel-Dubrovnik.jpg\",\"contentUrl\":\"https:\/\/www.hotel-dubrovnik.hr\/wp-content\/uploads\/2026\/04\/Hotel-Dubrovnik.jpg\",\"width\":1500,\"height\":1195,\"caption\":\"Hotel Dubrovnik in Zagreb\"},\"image\":{\"@id\":\"https:\/\/www.hotel-dubrovnik.hr\/#\/schema\/logo\/image\/\"},\"sameAs\":[\"https:\/\/www.facebook.com\/hoteldubrovnikhr\/\",\"https:\/\/x.com\/hotelDUBROVNIK\",\"https:\/\/www.instagram.com\/hotel_dubrovnik_zagreb\/?hl=en\",\"https:\/\/www.linkedin.com\/in\/hotel-dubrovnik-in-zagreb-b137b9151\/\"]}]}<\/script>\n<!-- \/ Yoast SEO plugin. -->","yoast_head_json":{"title":"O Hotelu: Potpuni Hotelski Vodi\u010d i Informacije","description":"Otkrijte sve o hotelu: sadr\u017eaji, usluge, lokacija i bitne informacije u na\u0161em potpunom vodi\u010du.","robots":{"index":"index","follow":"follow","max-snippet":"max-snippet:-1","max-image-preview":"max-image-preview:large","max-video-preview":"max-video-preview:-1"},"canonical":"https:\/\/www.hotel-dubrovnik.hr\/hotel-overview\/","og_locale":"hr_HR","og_type":"article","og_title":"O Hotelu: Potpuni Hotelski Vodi\u010d i Informacije","og_description":"Otkrijte sve o hotelu: sadr\u017eaji, usluge, lokacija i bitne informacije u na\u0161em potpunom vodi\u010du.","og_url":"https:\/\/www.hotel-dubrovnik.hr\/hotel-overview\/","og_site_name":"Hotel Dubrovnik in Zagreb","article_publisher":"https:\/\/www.facebook.com\/hoteldubrovnikhr\/","article_modified_time":"2025-11-02T15:04:46+00:00","og_image":[{"width":1920,"height":1280,"url":"https:\/\/www.hotel-dubrovnik.hr\/wp-content\/uploads\/2018\/09\/Hotel-Dubrovnik-Zagreb-2-2.jpg","type":"image\/jpeg"}],"twitter_card":"summary_large_image","twitter_site":"@hotelDUBROVNIK","twitter_misc":{"Est. reading time":"1 minute"},"schema":{"@context":"https:\/\/schema.org","@graph":[{"@type":"WebPage","@id":"https:\/\/www.hotel-dubrovnik.hr\/hotel-overview\/","url":"https:\/\/www.hotel-dubrovnik.hr\/hotel-overview\/","name":"O Hotelu: Potpuni Hotelski Vodi\u010d i Informacije","isPartOf":{"@id":"https:\/\/www.hotel-dubrovnik.hr\/#website"},"primaryImageOfPage":{"@id":"https:\/\/www.hotel-dubrovnik.hr\/hotel-overview\/#primaryimage"},"image":{"@id":"https:\/\/www.hotel-dubrovnik.hr\/hotel-overview\/#primaryimage"},"thumbnailUrl":"https:\/\/www.hotel-dubrovnik.hr\/wp-content\/uploads\/2018\/09\/Hotel-Dubrovnik-Zagreb-2-2.jpg","datePublished":"2018-09-11T13:12:06+00:00","dateModified":"2025-11-02T15:04:46+00:00","description":"Otkrijte sve o hotelu: sadr\u017eaji, usluge, lokacija i bitne informacije u na\u0161em potpunom vodi\u010du.","breadcrumb":{"@id":"https:\/\/www.hotel-dubrovnik.hr\/hotel-overview\/#breadcrumb"},"inLanguage":"hr-HR","potentialAction":[{"@type":"ReadAction","target":["https:\/\/www.hotel-dubrovnik.hr\/hotel-overview\/"]}]},{"@type":"ImageObject","inLanguage":"hr-HR","@id":"https:\/\/www.hotel-dubrovnik.hr\/hotel-overview\/#primaryimage","url":"https:\/\/www.hotel-dubrovnik.hr\/wp-content\/uploads\/2018\/09\/Hotel-Dubrovnik-Zagreb-2-2.jpg","contentUrl":"https:\/\/www.hotel-dubrovnik.hr\/wp-content\/uploads\/2018\/09\/Hotel-Dubrovnik-Zagreb-2-2.jpg","width":1920,"height":1280},{"@type":"BreadcrumbList","@id":"https:\/\/www.hotel-dubrovnik.hr\/hotel-overview\/#breadcrumb","itemListElement":[{"@type":"ListItem","position":1,"name":"Home","item":"https:\/\/www.hotel-dubrovnik.hr\/"},{"@type":"ListItem","position":2,"name":"Hotel overview"}]},{"@type":"WebSite","@id":"https:\/\/www.hotel-dubrovnik.hr\/#website","url":"https:\/\/www.hotel-dubrovnik.hr\/","name":"Hotel Dubrovnik","description":"Hotel u srcu Zagreba","publisher":{"@id":"https:\/\/www.hotel-dubrovnik.hr\/#organization"},"potentialAction":[{"@type":"SearchAction","target":{"@type":"EntryPoint","urlTemplate":"https:\/\/www.hotel-dubrovnik.hr\/?s={search_term_string}"},"query-input":{"@type":"PropertyValueSpecification","valueRequired":true,"valueName":"search_term_string"}}],"inLanguage":"hr-HR"},{"@type":"Organization","@id":"https:\/\/www.hotel-dubrovnik.hr\/#organization","name":"Hotel Dubrovnik in Zagreb","url":"https:\/\/www.hotel-dubrovnik.hr\/","logo":{"@type":"ImageObject","inLanguage":"hr-HR","@id":"https:\/\/www.hotel-dubrovnik.hr\/#\/schema\/logo\/image\/","url":"https:\/\/www.hotel-dubrovnik.hr\/wp-content\/uploads\/2026\/04\/Hotel-Dubrovnik.jpg","contentUrl":"https:\/\/www.hotel-dubrovnik.hr\/wp-content\/uploads\/2026\/04\/Hotel-Dubrovnik.jpg","width":1500,"height":1195,"caption":"Hotel Dubrovnik in Zagreb"},"image":{"@id":"https:\/\/www.hotel-dubrovnik.hr\/#\/schema\/logo\/image\/"},"sameAs":["https:\/\/www.facebook.com\/hoteldubrovnikhr\/","https:\/\/x.com\/hotelDUBROVNIK","https:\/\/www.instagram.com\/hotel_dubrovnik_zagreb\/?hl=en","https:\/\/www.linkedin.com\/in\/hotel-dubrovnik-in-zagreb-b137b9151\/"]}]}},"_links":{"self":[{"href":"https:\/\/www.hotel-dubrovnik.hr\/hr\/wp-json\/wp\/v2\/pages\/28","targetHints":{"allow":["GET"]}}],"collection":[{"href":"https:\/\/www.hotel-dubrovnik.hr\/hr\/wp-json\/wp\/v2\/pages"}],"about":[{"href":"https:\/\/www.hotel-dubrovnik.hr\/hr\/wp-json\/wp\/v2\/types\/page"}],"author":[{"embeddable":true,"href":"https:\/\/www.hotel-dubrovnik.hr\/hr\/wp-json\/wp\/v2\/users\/1"}],"replies":[{"embeddable":true,"href":"https:\/\/www.hotel-dubrovnik.hr\/hr\/wp-json\/wp\/v2\/comments?post=28"}],"version-history":[{"count":6,"href":"https:\/\/www.hotel-dubrovnik.hr\/hr\/wp-json\/wp\/v2\/pages\/28\/revisions"}],"predecessor-version":[{"id":5798,"href":"https:\/\/www.hotel-dubrovnik.hr\/hr\/wp-json\/wp\/v2\/pages\/28\/revisions\/5798"}],"wp:featuredmedia":[{"embeddable":true,"href":"https:\/\/www.hotel-dubrovnik.hr\/hr\/wp-json\/wp\/v2\/media\/359"}],"wp:attachment":[{"href":"https:\/\/www.hotel-dubrovnik.hr\/hr\/wp-json\/wp\/v2\/media?parent=28"}],"curies":[{"name":"wp","href":"https:\/\/api.w.org\/{rel}","templated":true}]}}