{"id":268,"date":"2018-09-25T19:51:50","date_gmt":"2018-09-25T17:51:50","guid":{"rendered":"http:\/\/local.hotel-dubrovnik.hr\/?page_id=268"},"modified":"2025-11-10T17:17:33","modified_gmt":"2025-11-10T16:17:33","slug":"executive-suite-zagreb-hotel","status":"publish","type":"page","link":"https:\/\/www.hotel-dubrovnik.hr\/hr\/rooms-and-suites\/executive-suite-zagreb-hotel\/","title":{"rendered":"Executive apartman"},"content":{"rendered":"\n\t\t<style type=\"text\/css\">\n\t\t\t#gallery-1 {\n\t\t\t\tmargin: auto;\n\t\t\t}\n\t\t\t#gallery-1 .gallery-item {\n\t\t\t\tfloat: left;\n\t\t\t\tmargin-top: 10px;\n\t\t\t\ttext-align: center;\n\t\t\t\twidth: 33%;\n\t\t\t}\n\t\t\t#gallery-1 img {\n\t\t\t\tborder: 2px solid #cfcfcf;\n\t\t\t}\n\t\t\t#gallery-1 .gallery-caption {\n\t\t\t\tmargin-left: 0;\n\t\t\t}\n\t\t\t\/* see gallery_shortcode() in wp-includes\/media.php *\/\n\t\t<\/style>\n\t\t<div id='gallery-1' class='gallery galleryid-268 gallery-columns-3 gallery-size-thumbnail'><dl class='gallery-item'>\n\t\t\t<dt class='gallery-icon landscape'>\n\t\t\t\t<a href='https:\/\/www.hotel-dubrovnik.hr\/hr\/rooms-and-suites\/executive-suite-zagreb-hotel\/attachment\/hotel-dubrovnik-zagreb-executive-suite-living-room-min\/'><img decoding=\"async\" width=\"150\" height=\"150\" src=\"https:\/\/www.hotel-dubrovnik.hr\/wp-content\/uploads\/2018\/12\/Hotel-Dubrovnik-Zagreb-executive-suite-living-room-min-150x150.jpg\" class=\"attachment-thumbnail size-thumbnail\" alt=\"\" \/><\/a>\n\t\t\t<\/dt><\/dl><dl class='gallery-item'>\n\t\t\t<dt class='gallery-icon landscape'>\n\t\t\t\t<a href='https:\/\/www.hotel-dubrovnik.hr\/hr\/rooms-and-suites\/executive-suite-zagreb-hotel\/attachment\/hotel-dubrovnik-zagreb-executive-suite-bedroom-min\/'><img decoding=\"async\" width=\"150\" height=\"150\" src=\"https:\/\/www.hotel-dubrovnik.hr\/wp-content\/uploads\/2018\/12\/Hotel-Dubrovnik-Zagreb-executive-suite-bedroom-min-150x150.jpg\" class=\"attachment-thumbnail size-thumbnail\" alt=\"\" \/><\/a>\n\t\t\t<\/dt><\/dl><dl class='gallery-item'>\n\t\t\t<dt class='gallery-icon landscape'>\n\t\t\t\t<a href='https:\/\/www.hotel-dubrovnik.hr\/hr\/rooms-and-suites\/executive-suite-zagreb-hotel\/attachment\/hotel-dubrovnik-zagreb-executivesuite-living-room-min\/'><img decoding=\"async\" width=\"150\" height=\"150\" src=\"https:\/\/www.hotel-dubrovnik.hr\/wp-content\/uploads\/2018\/12\/Hotel-Dubrovnik-Zagreb-executivesuite-living-room-min-150x150.jpg\" class=\"attachment-thumbnail size-thumbnail\" alt=\"Executive Suite Zagreb Hotel\" \/><\/a>\n\t\t\t<\/dt><\/dl><br style=\"clear: both\" \/>\n\t\t<\/div>\n\n<div class=\"wp-content\"><\/div>\n<div class=\"section-faq\">\n<p class=\"sc-p\">\n<\/div>\n<div style=\"position: absolute!important; top: 0!important; left: 0!important; width: 0!important; height: 0!important; display: block!important;\" data-transferchain-root=\"\"><\/div>\n","protected":false},"excerpt":{"rendered":"<p>Za potpuni luksuz i VIP tretman pri posjeti Zagreba odlu\u010dite se za na\u0161 executive suite. Prostrani i moderno opremljeni executive apartmani zadovoljit \u0107e i najzahtjevnije goste.<\/p>\n","protected":false},"author":1,"featured_media":653,"parent":80,"menu_order":7,"comment_status":"closed","ping_status":"closed","template":"page_room.php","meta":{"footnotes":""},"class_list":["post-268","page","type-page","status-publish","has-post-thumbnail","hentry"],"translation":{"provider":"WPGlobus","version":"3.0.0","language":"hr","enabled_languages":["en","hr"],"languages":{"en":{"title":true,"content":true,"excerpt":true},"hr":{"title":true,"content":true,"excerpt":true}}},"yoast_head":"<!-- This site is optimized with the Yoast SEO plugin v26.3 - https:\/\/yoast.com\/wordpress\/plugins\/seo\/ -->\n<title>Executive apartman: Potpuni vodi\u010d i detalji o hotelskoj sobi<\/title>\n<meta name=\"description\" content=\"Executive apartman u zagreba\u010dkom hotelu nudi udobnost kao kod ku\u0107e i luksuz. Na pravom ste mjestu za premium smje\u0161taj i uslugu.\" \/>\n<meta name=\"robots\" content=\"index, follow, max-snippet:-1, max-image-preview:large, max-video-preview:-1\" \/>\n<link rel=\"canonical\" href=\"https:\/\/www.hotel-dubrovnik.hr\/rooms-and-suites\/executive-suite-zagreb-hotel\/\" \/>\n<meta property=\"og:locale\" content=\"hr_HR\" \/>\n<meta property=\"og:type\" content=\"article\" \/>\n<meta property=\"og:title\" content=\"Executive apartman: Potpuni vodi\u010d i detalji o hotelskoj sobi\" \/>\n<meta property=\"og:description\" content=\"Executive apartman u zagreba\u010dkom hotelu nudi udobnost kao kod ku\u0107e i luksuz. Na pravom ste mjestu za premium smje\u0161taj i uslugu.\" \/>\n<meta property=\"og:url\" content=\"https:\/\/www.hotel-dubrovnik.hr\/rooms-and-suites\/executive-suite-zagreb-hotel\/\" \/>\n<meta property=\"og:site_name\" content=\"Hotel Dubrovnik in Zagreb\" \/>\n<meta property=\"article:publisher\" content=\"https:\/\/www.facebook.com\/hoteldubrovnikhr\/\" \/>\n<meta property=\"article:modified_time\" content=\"2025-11-10T16:17:33+00:00\" \/>\n<meta property=\"og:image\" content=\"https:\/\/www.hotel-dubrovnik.hr\/wp-content\/uploads\/2018\/12\/Hotel-Dubrovnik-Zagreb-executivesuite-living-room-min.jpg\" \/>\n\t<meta property=\"og:image:width\" content=\"1920\" \/>\n\t<meta property=\"og:image:height\" content=\"1280\" \/>\n\t<meta property=\"og:image:type\" content=\"image\/jpeg\" \/>\n<meta name=\"twitter:card\" content=\"summary_large_image\" \/>\n<meta name=\"twitter:site\" content=\"@hotelDUBROVNIK\" \/>\n<meta name=\"twitter:label1\" content=\"Est. reading time\" \/>\n\t<meta name=\"twitter:data1\" content=\"1 minute\" \/>\n<script type=\"application\/ld+json\" class=\"yoast-schema-graph\">{\"@context\":\"https:\/\/schema.org\",\"@graph\":[{\"@type\":\"WebPage\",\"@id\":\"https:\/\/www.hotel-dubrovnik.hr\/rooms-and-suites\/executive-suite-zagreb-hotel\/\",\"url\":\"https:\/\/www.hotel-dubrovnik.hr\/rooms-and-suites\/executive-suite-zagreb-hotel\/\",\"name\":\"Executive apartman: Potpuni vodi\u010d i detalji o hotelskoj sobi\",\"isPartOf\":{\"@id\":\"https:\/\/www.hotel-dubrovnik.hr\/#website\"},\"primaryImageOfPage\":{\"@id\":\"https:\/\/www.hotel-dubrovnik.hr\/rooms-and-suites\/executive-suite-zagreb-hotel\/#primaryimage\"},\"image\":{\"@id\":\"https:\/\/www.hotel-dubrovnik.hr\/rooms-and-suites\/executive-suite-zagreb-hotel\/#primaryimage\"},\"thumbnailUrl\":\"https:\/\/www.hotel-dubrovnik.hr\/wp-content\/uploads\/2018\/12\/Hotel-Dubrovnik-Zagreb-executivesuite-living-room-min.jpg\",\"datePublished\":\"2018-09-25T17:51:50+00:00\",\"dateModified\":\"2025-11-10T16:17:33+00:00\",\"description\":\"Executive apartman u zagreba\u010dkom hotelu nudi udobnost kao kod ku\u0107e i luksuz. Na pravom ste mjestu za premium smje\u0161taj i uslugu.\",\"breadcrumb\":{\"@id\":\"https:\/\/www.hotel-dubrovnik.hr\/rooms-and-suites\/executive-suite-zagreb-hotel\/#breadcrumb\"},\"inLanguage\":\"hr-HR\",\"potentialAction\":[{\"@type\":\"ReadAction\",\"target\":[\"https:\/\/www.hotel-dubrovnik.hr\/rooms-and-suites\/executive-suite-zagreb-hotel\/\"]}]},{\"@type\":\"ImageObject\",\"inLanguage\":\"hr-HR\",\"@id\":\"https:\/\/www.hotel-dubrovnik.hr\/rooms-and-suites\/executive-suite-zagreb-hotel\/#primaryimage\",\"url\":\"https:\/\/www.hotel-dubrovnik.hr\/wp-content\/uploads\/2018\/12\/Hotel-Dubrovnik-Zagreb-executivesuite-living-room-min.jpg\",\"contentUrl\":\"https:\/\/www.hotel-dubrovnik.hr\/wp-content\/uploads\/2018\/12\/Hotel-Dubrovnik-Zagreb-executivesuite-living-room-min.jpg\",\"width\":1920,\"height\":1280,\"caption\":\"Executive Suite Zagreb Hotel\"},{\"@type\":\"BreadcrumbList\",\"@id\":\"https:\/\/www.hotel-dubrovnik.hr\/rooms-and-suites\/executive-suite-zagreb-hotel\/#breadcrumb\",\"itemListElement\":[{\"@type\":\"ListItem\",\"position\":1,\"name\":\"Home\",\"item\":\"https:\/\/www.hotel-dubrovnik.hr\/\"},{\"@type\":\"ListItem\",\"position\":2,\"name\":\"Sobe i apartmani\",\"item\":\"https:\/\/www.hotel-dubrovnik.hr\/rooms-and-suites\/\"},{\"@type\":\"ListItem\",\"position\":3,\"name\":\"Executive suite\"}]},{\"@type\":\"WebSite\",\"@id\":\"https:\/\/www.hotel-dubrovnik.hr\/#website\",\"url\":\"https:\/\/www.hotel-dubrovnik.hr\/\",\"name\":\"Hotel Dubrovnik\",\"description\":\"Hotel u srcu Zagreba\",\"publisher\":{\"@id\":\"https:\/\/www.hotel-dubrovnik.hr\/#organization\"},\"potentialAction\":[{\"@type\":\"SearchAction\",\"target\":{\"@type\":\"EntryPoint\",\"urlTemplate\":\"https:\/\/www.hotel-dubrovnik.hr\/?s={search_term_string}\"},\"query-input\":{\"@type\":\"PropertyValueSpecification\",\"valueRequired\":true,\"valueName\":\"search_term_string\"}}],\"inLanguage\":\"hr-HR\"},{\"@type\":\"Organization\",\"@id\":\"https:\/\/www.hotel-dubrovnik.hr\/#organization\",\"name\":\"Hotel Dubrovnik in Zagreb\",\"url\":\"https:\/\/www.hotel-dubrovnik.hr\/\",\"logo\":{\"@type\":\"ImageObject\",\"inLanguage\":\"hr-HR\",\"@id\":\"https:\/\/www.hotel-dubrovnik.hr\/#\/schema\/logo\/image\/\",\"url\":\"https:\/\/www.hotel-dubrovnik.hr\/wp-content\/uploads\/2026\/04\/Hotel-Dubrovnik.jpg\",\"contentUrl\":\"https:\/\/www.hotel-dubrovnik.hr\/wp-content\/uploads\/2026\/04\/Hotel-Dubrovnik.jpg\",\"width\":1500,\"height\":1195,\"caption\":\"Hotel Dubrovnik in Zagreb\"},\"image\":{\"@id\":\"https:\/\/www.hotel-dubrovnik.hr\/#\/schema\/logo\/image\/\"},\"sameAs\":[\"https:\/\/www.facebook.com\/hoteldubrovnikhr\/\",\"https:\/\/x.com\/hotelDUBROVNIK\",\"https:\/\/www.instagram.com\/hotel_dubrovnik_zagreb\/?hl=en\",\"https:\/\/www.linkedin.com\/in\/hotel-dubrovnik-in-zagreb-b137b9151\/\"]}]}<\/script>\n<!-- \/ Yoast SEO plugin. -->","yoast_head_json":{"title":"Executive apartman: Potpuni vodi\u010d i detalji o hotelskoj sobi","description":"Executive apartman u zagreba\u010dkom hotelu nudi udobnost kao kod ku\u0107e i luksuz. Na pravom ste mjestu za premium smje\u0161taj i uslugu.","robots":{"index":"index","follow":"follow","max-snippet":"max-snippet:-1","max-image-preview":"max-image-preview:large","max-video-preview":"max-video-preview:-1"},"canonical":"https:\/\/www.hotel-dubrovnik.hr\/rooms-and-suites\/executive-suite-zagreb-hotel\/","og_locale":"hr_HR","og_type":"article","og_title":"Executive apartman: Potpuni vodi\u010d i detalji o hotelskoj sobi","og_description":"Executive apartman u zagreba\u010dkom hotelu nudi udobnost kao kod ku\u0107e i luksuz. Na pravom ste mjestu za premium smje\u0161taj i uslugu.","og_url":"https:\/\/www.hotel-dubrovnik.hr\/rooms-and-suites\/executive-suite-zagreb-hotel\/","og_site_name":"Hotel Dubrovnik in Zagreb","article_publisher":"https:\/\/www.facebook.com\/hoteldubrovnikhr\/","article_modified_time":"2025-11-10T16:17:33+00:00","og_image":[{"width":1920,"height":1280,"url":"https:\/\/www.hotel-dubrovnik.hr\/wp-content\/uploads\/2018\/12\/Hotel-Dubrovnik-Zagreb-executivesuite-living-room-min.jpg","type":"image\/jpeg"}],"twitter_card":"summary_large_image","twitter_site":"@hotelDUBROVNIK","twitter_misc":{"Est. reading time":"1 minute"},"schema":{"@context":"https:\/\/schema.org","@graph":[{"@type":"WebPage","@id":"https:\/\/www.hotel-dubrovnik.hr\/rooms-and-suites\/executive-suite-zagreb-hotel\/","url":"https:\/\/www.hotel-dubrovnik.hr\/rooms-and-suites\/executive-suite-zagreb-hotel\/","name":"Executive apartman: Potpuni vodi\u010d i detalji o hotelskoj sobi","isPartOf":{"@id":"https:\/\/www.hotel-dubrovnik.hr\/#website"},"primaryImageOfPage":{"@id":"https:\/\/www.hotel-dubrovnik.hr\/rooms-and-suites\/executive-suite-zagreb-hotel\/#primaryimage"},"image":{"@id":"https:\/\/www.hotel-dubrovnik.hr\/rooms-and-suites\/executive-suite-zagreb-hotel\/#primaryimage"},"thumbnailUrl":"https:\/\/www.hotel-dubrovnik.hr\/wp-content\/uploads\/2018\/12\/Hotel-Dubrovnik-Zagreb-executivesuite-living-room-min.jpg","datePublished":"2018-09-25T17:51:50+00:00","dateModified":"2025-11-10T16:17:33+00:00","description":"Executive apartman u zagreba\u010dkom hotelu nudi udobnost kao kod ku\u0107e i luksuz. Na pravom ste mjestu za premium smje\u0161taj i uslugu.","breadcrumb":{"@id":"https:\/\/www.hotel-dubrovnik.hr\/rooms-and-suites\/executive-suite-zagreb-hotel\/#breadcrumb"},"inLanguage":"hr-HR","potentialAction":[{"@type":"ReadAction","target":["https:\/\/www.hotel-dubrovnik.hr\/rooms-and-suites\/executive-suite-zagreb-hotel\/"]}]},{"@type":"ImageObject","inLanguage":"hr-HR","@id":"https:\/\/www.hotel-dubrovnik.hr\/rooms-and-suites\/executive-suite-zagreb-hotel\/#primaryimage","url":"https:\/\/www.hotel-dubrovnik.hr\/wp-content\/uploads\/2018\/12\/Hotel-Dubrovnik-Zagreb-executivesuite-living-room-min.jpg","contentUrl":"https:\/\/www.hotel-dubrovnik.hr\/wp-content\/uploads\/2018\/12\/Hotel-Dubrovnik-Zagreb-executivesuite-living-room-min.jpg","width":1920,"height":1280,"caption":"Executive Suite Zagreb Hotel"},{"@type":"BreadcrumbList","@id":"https:\/\/www.hotel-dubrovnik.hr\/rooms-and-suites\/executive-suite-zagreb-hotel\/#breadcrumb","itemListElement":[{"@type":"ListItem","position":1,"name":"Home","item":"https:\/\/www.hotel-dubrovnik.hr\/"},{"@type":"ListItem","position":2,"name":"Sobe i apartmani","item":"https:\/\/www.hotel-dubrovnik.hr\/rooms-and-suites\/"},{"@type":"ListItem","position":3,"name":"Executive suite"}]},{"@type":"WebSite","@id":"https:\/\/www.hotel-dubrovnik.hr\/#website","url":"https:\/\/www.hotel-dubrovnik.hr\/","name":"Hotel Dubrovnik","description":"Hotel u srcu Zagreba","publisher":{"@id":"https:\/\/www.hotel-dubrovnik.hr\/#organization"},"potentialAction":[{"@type":"SearchAction","target":{"@type":"EntryPoint","urlTemplate":"https:\/\/www.hotel-dubrovnik.hr\/?s={search_term_string}"},"query-input":{"@type":"PropertyValueSpecification","valueRequired":true,"valueName":"search_term_string"}}],"inLanguage":"hr-HR"},{"@type":"Organization","@id":"https:\/\/www.hotel-dubrovnik.hr\/#organization","name":"Hotel Dubrovnik in Zagreb","url":"https:\/\/www.hotel-dubrovnik.hr\/","logo":{"@type":"ImageObject","inLanguage":"hr-HR","@id":"https:\/\/www.hotel-dubrovnik.hr\/#\/schema\/logo\/image\/","url":"https:\/\/www.hotel-dubrovnik.hr\/wp-content\/uploads\/2026\/04\/Hotel-Dubrovnik.jpg","contentUrl":"https:\/\/www.hotel-dubrovnik.hr\/wp-content\/uploads\/2026\/04\/Hotel-Dubrovnik.jpg","width":1500,"height":1195,"caption":"Hotel Dubrovnik in Zagreb"},"image":{"@id":"https:\/\/www.hotel-dubrovnik.hr\/#\/schema\/logo\/image\/"},"sameAs":["https:\/\/www.facebook.com\/hoteldubrovnikhr\/","https:\/\/x.com\/hotelDUBROVNIK","https:\/\/www.instagram.com\/hotel_dubrovnik_zagreb\/?hl=en","https:\/\/www.linkedin.com\/in\/hotel-dubrovnik-in-zagreb-b137b9151\/"]}]}},"_links":{"self":[{"href":"https:\/\/www.hotel-dubrovnik.hr\/hr\/wp-json\/wp\/v2\/pages\/268","targetHints":{"allow":["GET"]}}],"collection":[{"href":"https:\/\/www.hotel-dubrovnik.hr\/hr\/wp-json\/wp\/v2\/pages"}],"about":[{"href":"https:\/\/www.hotel-dubrovnik.hr\/hr\/wp-json\/wp\/v2\/types\/page"}],"author":[{"embeddable":true,"href":"https:\/\/www.hotel-dubrovnik.hr\/hr\/wp-json\/wp\/v2\/users\/1"}],"replies":[{"embeddable":true,"href":"https:\/\/www.hotel-dubrovnik.hr\/hr\/wp-json\/wp\/v2\/comments?post=268"}],"version-history":[{"count":28,"href":"https:\/\/www.hotel-dubrovnik.hr\/hr\/wp-json\/wp\/v2\/pages\/268\/revisions"}],"predecessor-version":[{"id":6153,"href":"https:\/\/www.hotel-dubrovnik.hr\/hr\/wp-json\/wp\/v2\/pages\/268\/revisions\/6153"}],"up":[{"embeddable":true,"href":"https:\/\/www.hotel-dubrovnik.hr\/hr\/wp-json\/wp\/v2\/pages\/80"}],"wp:featuredmedia":[{"embeddable":true,"href":"https:\/\/www.hotel-dubrovnik.hr\/hr\/wp-json\/wp\/v2\/media\/653"}],"wp:attachment":[{"href":"https:\/\/www.hotel-dubrovnik.hr\/hr\/wp-json\/wp\/v2\/media?parent=268"}],"curies":[{"name":"wp","href":"https:\/\/api.w.org\/{rel}","templated":true}]}}