{"id":2,"date":"2018-08-24T09:46:25","date_gmt":"2018-08-24T09:46:25","guid":{"rendered":"http:\/\/local.hotel-dubrovnik.hr\/?page_id=2"},"modified":"2022-01-07T11:26:28","modified_gmt":"2022-01-07T10:26:28","slug":"home-page","status":"publish","type":"page","link":"https:\/\/www.hotel-dubrovnik.hr\/hr\/","title":{"rendered":"Home page"},"content":{"rendered":"<\/p>\n<div><img decoding=\"async\" class=\"aligncenter size-medium wp-image-2506\" src=\"https:\/\/www.hotel-dubrovnik.hr\/wp-content\/uploads\/2018\/12\/Zagreb-Eye-525x350.jpg\" alt=\"\" width=\"525\" height=\"350\" srcset=\"https:\/\/www.hotel-dubrovnik.hr\/wp-content\/uploads\/2018\/12\/Zagreb-Eye-525x350.jpg 525w, https:\/\/www.hotel-dubrovnik.hr\/wp-content\/uploads\/2018\/12\/Zagreb-Eye-1620x1080.jpg 1620w, https:\/\/www.hotel-dubrovnik.hr\/wp-content\/uploads\/2018\/12\/Zagreb-Eye-768x512.jpg 768w, https:\/\/www.hotel-dubrovnik.hr\/wp-content\/uploads\/2018\/12\/Zagreb-Eye-1536x1024.jpg 1536w, https:\/\/www.hotel-dubrovnik.hr\/wp-content\/uploads\/2018\/12\/Zagreb-Eye-2048x1366.jpg 2048w\" sizes=\"(max-width: 525px) 100vw, 525px\" \/><\/div>\n<div>\n<h1>Osjetite puls grada<\/h1>\n<p>Jo\u0161 od 1929. vjerujemo u iskrene vrijednosti koje mi kao institucija pru\u017eamo svojim gostima. Njima ne nudimo samo iznimnu udobnost ve\u0107 mje\u0161avinu tradicionalnih i modernih vrijednosti zagreba\u010dkog gostoprimstva. Ako ste gost koji \u017eeli imati na raspolaganju ve\u0107inu gradskih atrakcija i spomenika i to na dohvat ruke, onda je Hotel Dubrovnik pravi izbor za Vas.<br \/>\nHotel Dubrovnik je smje\u0161ten na glavnom zagreba\u010dkom trgu, koji pru\u017ea toplo i prijateljsko okru\u017eenje s da\u0161kom zagreba\u010dkog \u0161arma i prilikom da osjetite puls \u017eivopisne hrvatske prijestolnice.<\/p>\n<\/div>\n<p>\n","protected":false},"excerpt":{"rendered":"<p>Osjetite puls grada Jo\u0161 od 1929. vjerujemo u iskrene vrijednosti koje mi kao institucija pru\u017eamo svojim gostima. Njima ne nudimo samo iznimnu udobnost ve\u0107 mje\u0161avinu tradicionalnih i modernih vrijednosti zagreba\u010dkog gostoprimstva. Ako ste gost koji \u017eeli imati na raspolaganju ve\u0107inu gradskih atrakcija i spomenika i to na dohvat ruke, onda je Hotel Dubrovnik pravi izbor [&hellip;]<\/p>\n","protected":false},"author":1,"featured_media":1703,"parent":0,"menu_order":0,"comment_status":"closed","ping_status":"open","template":"page_home.php","meta":{"footnotes":""},"class_list":["post-2","page","type-page","status-publish","has-post-thumbnail","hentry"],"translation":{"provider":"WPGlobus","version":"3.0.0","language":"hr","enabled_languages":["en","hr"],"languages":{"en":{"title":true,"content":true,"excerpt":false},"hr":{"title":true,"content":true,"excerpt":false}}},"yoast_head":"<!-- This site is optimized with the Yoast SEO plugin v27.5 - https:\/\/yoast.com\/product\/yoast-seo-wordpress\/ -->\n<title>Slu\u017ebena Hotelska stranica - Hotel Dubrovnik u Zagrebu<\/title>\n<meta name=\"description\" content=\"Hotel smje\u0161ten u centru grada. Toplo i prijateljsko okru\u017eenje s da\u0161kom zagreba\u010dkog \u0161arma. Rezervirajte kod nas za ugodan i jednostavan odmor.\" \/>\n<meta name=\"robots\" content=\"index, follow, max-snippet:-1, max-image-preview:large, max-video-preview:-1\" \/>\n<link rel=\"canonical\" href=\"https:\/\/www.hotel-dubrovnik.hr\/\" \/>\n<meta property=\"og:locale\" content=\"hr_HR\" \/>\n<meta property=\"og:type\" content=\"article\" \/>\n<meta property=\"og:title\" content=\"Slu\u017ebena Hotelska stranica - Hotel Dubrovnik u Zagrebu\" \/>\n<meta property=\"og:description\" content=\"Hotel smje\u0161ten u centru grada. Toplo i prijateljsko okru\u017eenje s da\u0161kom zagreba\u010dkog \u0161arma. Rezervirajte kod nas za ugodan i jednostavan odmor.\" \/>\n<meta property=\"og:url\" content=\"https:\/\/www.hotel-dubrovnik.hr\/\" \/>\n<meta property=\"og:site_name\" content=\"Hotel Dubrovnik in Zagreb\" \/>\n<meta property=\"article:publisher\" content=\"https:\/\/www.facebook.com\/hoteldubrovnikhr\/\" \/>\n<meta property=\"article:modified_time\" content=\"2022-01-07T10:26:28+00:00\" \/>\n<meta property=\"og:image\" content=\"https:\/\/www.hotel-dubrovnik.hr\/wp-content\/uploads\/2019\/08\/Hotel-Dubrovnik-Zagreb-City-Center-min-1.jpg\" \/>\n\t<meta property=\"og:image:width\" content=\"1366\" \/>\n\t<meta property=\"og:image:height\" content=\"768\" \/>\n\t<meta property=\"og:image:type\" content=\"image\/jpeg\" \/>\n<meta name=\"twitter:card\" content=\"summary_large_image\" \/>\n<meta name=\"twitter:site\" content=\"@hotelDUBROVNIK\" \/>\n<meta name=\"twitter:label1\" content=\"Est. reading time\" \/>\n\t<meta name=\"twitter:data1\" content=\"2 minutes\" \/>\n<script type=\"application\/ld+json\" class=\"yoast-schema-graph\">{\"@context\":\"https:\\\/\\\/schema.org\",\"@graph\":[{\"@type\":\"WebPage\",\"@id\":\"https:\\\/\\\/www.hotel-dubrovnik.hr\\\/\",\"url\":\"https:\\\/\\\/www.hotel-dubrovnik.hr\\\/\",\"name\":\"Slu\u017ebena Hotelska stranica - Hotel Dubrovnik u Zagrebu\",\"isPartOf\":{\"@id\":\"https:\\\/\\\/www.hotel-dubrovnik.hr\\\/#website\"},\"primaryImageOfPage\":{\"@id\":\"https:\\\/\\\/www.hotel-dubrovnik.hr\\\/#primaryimage\"},\"image\":{\"@id\":\"https:\\\/\\\/www.hotel-dubrovnik.hr\\\/#primaryimage\"},\"thumbnailUrl\":\"https:\\\/\\\/www.hotel-dubrovnik.hr\\\/wp-content\\\/uploads\\\/2019\\\/08\\\/Hotel-Dubrovnik-Zagreb-City-Center-min-1.jpg\",\"datePublished\":\"2018-08-24T09:46:25+00:00\",\"dateModified\":\"2022-01-07T10:26:28+00:00\",\"description\":\"Hotel smje\u0161ten u centru grada. Toplo i prijateljsko okru\u017eenje s da\u0161kom zagreba\u010dkog \u0161arma. Rezervirajte kod nas za ugodan i jednostavan odmor.\",\"breadcrumb\":{\"@id\":\"https:\\\/\\\/www.hotel-dubrovnik.hr\\\/#breadcrumb\"},\"inLanguage\":\"hr-HR\",\"potentialAction\":[{\"@type\":\"ReadAction\",\"target\":[\"https:\\\/\\\/www.hotel-dubrovnik.hr\\\/\"]}]},{\"@type\":\"ImageObject\",\"inLanguage\":\"hr-HR\",\"@id\":\"https:\\\/\\\/www.hotel-dubrovnik.hr\\\/#primaryimage\",\"url\":\"https:\\\/\\\/www.hotel-dubrovnik.hr\\\/wp-content\\\/uploads\\\/2019\\\/08\\\/Hotel-Dubrovnik-Zagreb-City-Center-min-1.jpg\",\"contentUrl\":\"https:\\\/\\\/www.hotel-dubrovnik.hr\\\/wp-content\\\/uploads\\\/2019\\\/08\\\/Hotel-Dubrovnik-Zagreb-City-Center-min-1.jpg\",\"width\":1366,\"height\":768},{\"@type\":\"BreadcrumbList\",\"@id\":\"https:\\\/\\\/www.hotel-dubrovnik.hr\\\/#breadcrumb\",\"itemListElement\":[{\"@type\":\"ListItem\",\"position\":1,\"name\":\"Home\",\"item\":\"https:\\\/\\\/www.hotel-dubrovnik.hr\\\/\"},{\"@type\":\"ListItem\",\"position\":2,\"name\":\"Official Website\"}]},{\"@type\":\"WebSite\",\"@id\":\"https:\\\/\\\/www.hotel-dubrovnik.hr\\\/#website\",\"url\":\"https:\\\/\\\/www.hotel-dubrovnik.hr\\\/\",\"name\":\"Hotel Dubrovnik\",\"description\":\"Hotel u srcu Zagreba\",\"publisher\":{\"@id\":\"https:\\\/\\\/www.hotel-dubrovnik.hr\\\/#organization\"},\"potentialAction\":[{\"@type\":\"SearchAction\",\"target\":{\"@type\":\"EntryPoint\",\"urlTemplate\":\"https:\\\/\\\/www.hotel-dubrovnik.hr\\\/?s={search_term_string}\"},\"query-input\":{\"@type\":\"PropertyValueSpecification\",\"valueRequired\":true,\"valueName\":\"search_term_string\"}}],\"inLanguage\":\"hr-HR\"},{\"@type\":\"Organization\",\"@id\":\"https:\\\/\\\/www.hotel-dubrovnik.hr\\\/#organization\",\"name\":\"Hotel Dubrovnik in Zagreb\",\"url\":\"https:\\\/\\\/www.hotel-dubrovnik.hr\\\/\",\"logo\":{\"@type\":\"ImageObject\",\"inLanguage\":\"hr-HR\",\"@id\":\"https:\\\/\\\/www.hotel-dubrovnik.hr\\\/#\\\/schema\\\/logo\\\/image\\\/\",\"url\":\"https:\\\/\\\/www.hotel-dubrovnik.hr\\\/wp-content\\\/uploads\\\/2026\\\/04\\\/Hotel-Dubrovnik.jpg\",\"contentUrl\":\"https:\\\/\\\/www.hotel-dubrovnik.hr\\\/wp-content\\\/uploads\\\/2026\\\/04\\\/Hotel-Dubrovnik.jpg\",\"width\":1500,\"height\":1195,\"caption\":\"Hotel Dubrovnik in Zagreb\"},\"image\":{\"@id\":\"https:\\\/\\\/www.hotel-dubrovnik.hr\\\/#\\\/schema\\\/logo\\\/image\\\/\"},\"sameAs\":[\"https:\\\/\\\/www.facebook.com\\\/hoteldubrovnikhr\\\/\",\"https:\\\/\\\/x.com\\\/hotelDUBROVNIK\",\"https:\\\/\\\/www.instagram.com\\\/hotel_dubrovnik_zagreb\\\/?hl=en\",\"https:\\\/\\\/www.linkedin.com\\\/in\\\/hotel-dubrovnik-in-zagreb-b137b9151\\\/\"]}]}<\/script>\n<!-- \/ Yoast SEO plugin. -->","yoast_head_json":{"title":"Slu\u017ebena Hotelska stranica - Hotel Dubrovnik u Zagrebu","description":"Hotel smje\u0161ten u centru grada. Toplo i prijateljsko okru\u017eenje s da\u0161kom zagreba\u010dkog \u0161arma. Rezervirajte kod nas za ugodan i jednostavan odmor.","robots":{"index":"index","follow":"follow","max-snippet":"max-snippet:-1","max-image-preview":"max-image-preview:large","max-video-preview":"max-video-preview:-1"},"canonical":"https:\/\/www.hotel-dubrovnik.hr\/","og_locale":"hr_HR","og_type":"article","og_title":"Slu\u017ebena Hotelska stranica - Hotel Dubrovnik u Zagrebu","og_description":"Hotel smje\u0161ten u centru grada. Toplo i prijateljsko okru\u017eenje s da\u0161kom zagreba\u010dkog \u0161arma. Rezervirajte kod nas za ugodan i jednostavan odmor.","og_url":"https:\/\/www.hotel-dubrovnik.hr\/","og_site_name":"Hotel Dubrovnik in Zagreb","article_publisher":"https:\/\/www.facebook.com\/hoteldubrovnikhr\/","article_modified_time":"2022-01-07T10:26:28+00:00","og_image":[{"width":1366,"height":768,"url":"https:\/\/www.hotel-dubrovnik.hr\/wp-content\/uploads\/2019\/08\/Hotel-Dubrovnik-Zagreb-City-Center-min-1.jpg","type":"image\/jpeg"}],"twitter_card":"summary_large_image","twitter_site":"@hotelDUBROVNIK","twitter_misc":{"Est. reading time":"2 minutes"},"schema":{"@context":"https:\/\/schema.org","@graph":[{"@type":"WebPage","@id":"https:\/\/www.hotel-dubrovnik.hr\/","url":"https:\/\/www.hotel-dubrovnik.hr\/","name":"Slu\u017ebena Hotelska stranica - Hotel Dubrovnik u Zagrebu","isPartOf":{"@id":"https:\/\/www.hotel-dubrovnik.hr\/#website"},"primaryImageOfPage":{"@id":"https:\/\/www.hotel-dubrovnik.hr\/#primaryimage"},"image":{"@id":"https:\/\/www.hotel-dubrovnik.hr\/#primaryimage"},"thumbnailUrl":"https:\/\/www.hotel-dubrovnik.hr\/wp-content\/uploads\/2019\/08\/Hotel-Dubrovnik-Zagreb-City-Center-min-1.jpg","datePublished":"2018-08-24T09:46:25+00:00","dateModified":"2022-01-07T10:26:28+00:00","description":"Hotel smje\u0161ten u centru grada. Toplo i prijateljsko okru\u017eenje s da\u0161kom zagreba\u010dkog \u0161arma. Rezervirajte kod nas za ugodan i jednostavan odmor.","breadcrumb":{"@id":"https:\/\/www.hotel-dubrovnik.hr\/#breadcrumb"},"inLanguage":"hr-HR","potentialAction":[{"@type":"ReadAction","target":["https:\/\/www.hotel-dubrovnik.hr\/"]}]},{"@type":"ImageObject","inLanguage":"hr-HR","@id":"https:\/\/www.hotel-dubrovnik.hr\/#primaryimage","url":"https:\/\/www.hotel-dubrovnik.hr\/wp-content\/uploads\/2019\/08\/Hotel-Dubrovnik-Zagreb-City-Center-min-1.jpg","contentUrl":"https:\/\/www.hotel-dubrovnik.hr\/wp-content\/uploads\/2019\/08\/Hotel-Dubrovnik-Zagreb-City-Center-min-1.jpg","width":1366,"height":768},{"@type":"BreadcrumbList","@id":"https:\/\/www.hotel-dubrovnik.hr\/#breadcrumb","itemListElement":[{"@type":"ListItem","position":1,"name":"Home","item":"https:\/\/www.hotel-dubrovnik.hr\/"},{"@type":"ListItem","position":2,"name":"Official Website"}]},{"@type":"WebSite","@id":"https:\/\/www.hotel-dubrovnik.hr\/#website","url":"https:\/\/www.hotel-dubrovnik.hr\/","name":"Hotel Dubrovnik","description":"Hotel u srcu Zagreba","publisher":{"@id":"https:\/\/www.hotel-dubrovnik.hr\/#organization"},"potentialAction":[{"@type":"SearchAction","target":{"@type":"EntryPoint","urlTemplate":"https:\/\/www.hotel-dubrovnik.hr\/?s={search_term_string}"},"query-input":{"@type":"PropertyValueSpecification","valueRequired":true,"valueName":"search_term_string"}}],"inLanguage":"hr-HR"},{"@type":"Organization","@id":"https:\/\/www.hotel-dubrovnik.hr\/#organization","name":"Hotel Dubrovnik in Zagreb","url":"https:\/\/www.hotel-dubrovnik.hr\/","logo":{"@type":"ImageObject","inLanguage":"hr-HR","@id":"https:\/\/www.hotel-dubrovnik.hr\/#\/schema\/logo\/image\/","url":"https:\/\/www.hotel-dubrovnik.hr\/wp-content\/uploads\/2026\/04\/Hotel-Dubrovnik.jpg","contentUrl":"https:\/\/www.hotel-dubrovnik.hr\/wp-content\/uploads\/2026\/04\/Hotel-Dubrovnik.jpg","width":1500,"height":1195,"caption":"Hotel Dubrovnik in Zagreb"},"image":{"@id":"https:\/\/www.hotel-dubrovnik.hr\/#\/schema\/logo\/image\/"},"sameAs":["https:\/\/www.facebook.com\/hoteldubrovnikhr\/","https:\/\/x.com\/hotelDUBROVNIK","https:\/\/www.instagram.com\/hotel_dubrovnik_zagreb\/?hl=en","https:\/\/www.linkedin.com\/in\/hotel-dubrovnik-in-zagreb-b137b9151\/"]}]}},"_links":{"self":[{"href":"https:\/\/www.hotel-dubrovnik.hr\/hr\/wp-json\/wp\/v2\/pages\/2","targetHints":{"allow":["GET"]}}],"collection":[{"href":"https:\/\/www.hotel-dubrovnik.hr\/hr\/wp-json\/wp\/v2\/pages"}],"about":[{"href":"https:\/\/www.hotel-dubrovnik.hr\/hr\/wp-json\/wp\/v2\/types\/page"}],"author":[{"embeddable":true,"href":"https:\/\/www.hotel-dubrovnik.hr\/hr\/wp-json\/wp\/v2\/users\/1"}],"replies":[{"embeddable":true,"href":"https:\/\/www.hotel-dubrovnik.hr\/hr\/wp-json\/wp\/v2\/comments?post=2"}],"version-history":[{"count":79,"href":"https:\/\/www.hotel-dubrovnik.hr\/hr\/wp-json\/wp\/v2\/pages\/2\/revisions"}],"predecessor-version":[{"id":4915,"href":"https:\/\/www.hotel-dubrovnik.hr\/hr\/wp-json\/wp\/v2\/pages\/2\/revisions\/4915"}],"wp:featuredmedia":[{"embeddable":true,"href":"https:\/\/www.hotel-dubrovnik.hr\/hr\/wp-json\/wp\/v2\/media\/1703"}],"wp:attachment":[{"href":"https:\/\/www.hotel-dubrovnik.hr\/hr\/wp-json\/wp\/v2\/media?parent=2"}],"curies":[{"name":"wp","href":"https:\/\/api.w.org\/{rel}","templated":true}]}}